{"id":951,"date":"2025-09-04T11:22:25","date_gmt":"2025-09-04T09:22:25","guid":{"rendered":"https:\/\/varadeohillresort.ro\/hazirend\/"},"modified":"2025-09-04T11:22:25","modified_gmt":"2025-09-04T09:22:25","slug":"hazirend","status":"publish","type":"page","link":"https:\/\/varadeohillresort.ro\/hu\/hazirend\/","title":{"rendered":"H\u00e1zirend"},"content":{"rendered":"<ol>\n<li><strong>Bejelentkez\u00e9s \u00e9s kijelentkez\u00e9s:<\/strong><br \/>\na. Bejelentkez\u00e9s: 15:00-t\u00f3l<br \/>\nb. Kijelentkez\u00e9s: 11:00-ig<br \/>\nc. Korai bejelentkez\u00e9shez vagy k\u00e9s\u0151i kijelentkez\u00e9shez k\u00e9rj\u00fck, el\u0151re vedd fel vel\u00fcnk a kapcsolatot.<\/li>\n<li><strong>Csendrendelet:<\/strong><br \/>\na. K\u00e9rj\u00fck, tartsd be a csendes \u00f3r\u00e1kat 22:00 \u00e9s 08:00 k\u00f6z\u00f6tt minden vend\u00e9g k\u00e9nyelm\u00e9\u00e9rt.<br \/>\nb. Buli \u00e9s hangos zene nem megengedett.<\/li>\n<li><strong>Doh\u00e1nyz\u00e1s &amp; Alkohol:<\/strong><br \/>\na. Doh\u00e1nyozni csak a kijel\u00f6lt helyeken enged\u00e9lyezett.<br \/>\nb. A m\u00e9rt\u00e9kletes alkoholfogyaszt\u00e1s \u00fcdv\u00f6z\u00f6lt, de a zavar\u00f3 viselked\u00e9st nem toler\u00e1ljuk.<\/li>\n<li><strong>H\u00e1zi\u00e1llatok:<\/strong><br \/>\na. H\u00e1zi\u00e1llatok csak el\u0151zetes egyeztet\u00e9s ut\u00e1n hozhat\u00f3k be. A tart\u00f3zkod\u00e1sonk\u00e9nti\/h\u00e1zi\u00e1llatonk\u00e9nti d\u00edj 50 RON.<br \/>\nb. A tulajdonosok felel\u0151sek a tisztas\u00e1g\u00e9rt \u00e9s az esetleges k\u00e1rok\u00e9rt.<\/li>\n<li><strong>L\u00e9tes\u00edtm\u00e9nyek haszn\u00e1lata:<\/strong><br \/>\na. A belt\u00e9ri &amp; k\u00fclt\u00e9ri b\u00fatoroknak abban a poz\u00edci\u00f3ban kell maradniuk, amelyben a bejelentkez\u00e9skor voltak.<br \/>\nb. A k\u00f6z\u00f6s helyis\u00e9geket m\u00e1sok tiszteletben tart\u00e1s\u00e1val kell haszn\u00e1lni.<br \/>\nc. A f\u00fcrd\u0151szobai t\u00f6r\u00f6lk\u00f6z\u0151k kiz\u00e1r\u00f3lag f\u00fcrd\u0151szobai haszn\u00e1latra val\u00f3k. Nem haszn\u00e1lhat\u00f3k m\u00e1s c\u00e9lra, bele\u00e9rtve a konyhai zs\u00edrok vagy grillez\u0151helyek tiszt\u00edt\u00e1s\u00e1t.<\/li>\n<\/ol>\n","protected":false},"excerpt":{"rendered":"<p>Bejelentkez\u00e9s \u00e9s kijelentkez\u00e9s: a. Bejelentkez\u00e9s: 15:00-t\u00f3l b. Kijelentkez\u00e9s: 11:00-ig c.  [&#8230;]<\/p>\n","protected":false},"author":1,"featured_media":0,"parent":0,"menu_order":0,"comment_status":"closed","ping_status":"closed","template":"","meta":{"_acf_changed":false,"footnotes":""},"class_list":["post-951","page","type-page","status-publish","hentry"],"acf":[],"_links":{"self":[{"href":"https:\/\/varadeohillresort.ro\/hu\/wp-json\/wp\/v2\/pages\/951","targetHints":{"allow":["GET"]}}],"collection":[{"href":"https:\/\/varadeohillresort.ro\/hu\/wp-json\/wp\/v2\/pages"}],"about":[{"href":"https:\/\/varadeohillresort.ro\/hu\/wp-json\/wp\/v2\/types\/page"}],"author":[{"embeddable":true,"href":"https:\/\/varadeohillresort.ro\/hu\/wp-json\/wp\/v2\/users\/1"}],"replies":[{"embeddable":true,"href":"https:\/\/varadeohillresort.ro\/hu\/wp-json\/wp\/v2\/comments?post=951"}],"version-history":[{"count":0,"href":"https:\/\/varadeohillresort.ro\/hu\/wp-json\/wp\/v2\/pages\/951\/revisions"}],"wp:attachment":[{"href":"https:\/\/varadeohillresort.ro\/hu\/wp-json\/wp\/v2\/media?parent=951"}],"curies":[{"name":"wp","href":"https:\/\/api.w.org\/{rel}","templated":true}]}}