{"id":30,"date":"2025-08-14T09:38:21","date_gmt":"2025-08-14T07:38:21","guid":{"rendered":"https:\/\/varadeohillresort.proadax.dev\/?page_id=30"},"modified":"2025-09-09T07:46:46","modified_gmt":"2025-09-09T05:46:46","slug":"kontakt","status":"publish","type":"page","link":"https:\/\/varadeohillresort.ro\/pl\/kontakt\/","title":{"rendered":"Kontakt"},"content":{"rendered":"<div class=\"fusion-fullwidth fullwidth-box fusion-builder-row-1 fusion-flex-container has-pattern-background has-mask-background r-contact-page nonhundred-percent-fullwidth non-hundred-percent-height-scrolling\" style=\"--awb-background-position:right center;--awb-border-radius-top-left:0px;--awb-border-radius-top-right:0px;--awb-border-radius-bottom-right:0px;--awb-border-radius-bottom-left:0px;--awb-margin-top:-50px;--awb-margin-bottom:-60px;--awb-background-size:contain;--awb-flex-wrap:wrap;\" ><div class=\"fusion-builder-row fusion-row fusion-flex-align-items-flex-start fusion-flex-content-wrap\" style=\"max-width:1248px;margin-left: calc(-4% \/ 2 );margin-right: calc(-4% \/ 2 );\"><div class=\"fusion-layout-column fusion_builder_column fusion-builder-column-0 fusion_builder_column_1_2 1_2 fusion-flex-column\" style=\"--awb-padding-top:30px;--awb-padding-right:30px;--awb-padding-bottom:30px;--awb-padding-left:30px;--awb-bg-color:#f1f1f1;--awb-bg-color-hover:#f1f1f1;--awb-bg-size:cover;--awb-width-large:50%;--awb-margin-top-large:90px;--awb-spacing-right-large:20px;--awb-margin-bottom-large:0px;--awb-spacing-left-large:3.84%;--awb-width-medium:50%;--awb-order-medium:0;--awb-spacing-right-medium:20px;--awb-spacing-left-medium:3.84%;--awb-width-small:100%;--awb-order-small:0;--awb-margin-top-small:30px;--awb-spacing-right-small:1.92%;--awb-margin-bottom-small:-25px;--awb-spacing-left-small:1.92%;\"><div class=\"fusion-column-wrapper fusion-column-has-shadow fusion-flex-justify-content-flex-start fusion-content-layout-column\"><div class=\"fusion-title title fusion-title-1 fusion-sep-none fusion-title-text fusion-title-size-three\" style=\"--awb-text-color:var(--awb-custom_color_4);--awb-margin-bottom:20px;\"><h3 class=\"fusion-title-heading title-heading-left fusion-responsive-typography-calculated\" style=\"margin:0;--fontSize:36;line-height:var(--awb-typography1-line-height);\">VARADEO HILL RESORT<\/h3><\/div><div class=\"fusion-builder-row fusion-builder-row-inner fusion-row fusion-flex-align-items-flex-start fusion-flex-content-wrap\" style=\"width:104% !important;max-width:104% !important;margin-left: calc(-4% \/ 2 );margin-right: calc(-4% \/ 2 );\"><div class=\"fusion-layout-column fusion_builder_column_inner fusion-builder-nested-column-0 fusion-flex-column\" style=\"--awb-bg-size:cover;--awb-width-large:10%;--awb-margin-top-large:0px;--awb-spacing-right-large:19.2%;--awb-margin-bottom-large:0px;--awb-spacing-left-large:19.2%;--awb-width-medium:10%;--awb-order-medium:0;--awb-spacing-right-medium:19.2%;--awb-spacing-left-medium:19.2%;--awb-width-small:16.666666666667%;--awb-order-small:0;--awb-spacing-right-small:11.52%;--awb-spacing-left-small:11.52%;\"><div class=\"fusion-column-wrapper fusion-column-has-shadow fusion-flex-justify-content-flex-start fusion-content-layout-row\"><div class=\"fusion-image-element \" style=\"--awb-max-width:40px;--awb-caption-title-font-family:var(--h2_typography-font-family);--awb-caption-title-font-weight:var(--h2_typography-font-weight);--awb-caption-title-font-style:var(--h2_typography-font-style);--awb-caption-title-size:var(--h2_typography-font-size);--awb-caption-title-transform:var(--h2_typography-text-transform);--awb-caption-title-line-height:var(--h2_typography-line-height);--awb-caption-title-letter-spacing:var(--h2_typography-letter-spacing);\"><span class=\" fusion-imageframe imageframe-none imageframe-1 hover-type-none c-icon\"><img decoding=\"async\" width=\"27\" height=\"38\" title=\"pin\" src=\"data:image\/svg+xml,%3Csvg%20xmlns%3D%27http%3A%2F%2Fwww.w3.org%2F2000%2Fsvg%27%20width%3D%2727%27%20height%3D%2738%27%20viewBox%3D%270%200%2027%2038%27%3E%3Crect%20width%3D%2727%27%20height%3D%2738%27%20fill-opacity%3D%220%22%2F%3E%3C%2Fsvg%3E\" data-orig-src=\"https:\/\/varadeohillresort.ro\/wp-content\/uploads\/2025\/09\/pin.png\" alt class=\"lazyload img-responsive wp-image-227\"\/><\/span><\/div><\/div><\/div><div class=\"fusion-layout-column fusion_builder_column_inner fusion-builder-nested-column-1 fusion_builder_column_inner_5_6 5_6 fusion-flex-column\" style=\"--awb-bg-size:cover;--awb-width-large:83.333333333333%;--awb-margin-top-large:0px;--awb-spacing-right-large:2.304%;--awb-margin-bottom-large:20px;--awb-spacing-left-large:2.304%;--awb-width-medium:83.333333333333%;--awb-order-medium:0;--awb-spacing-right-medium:2.304%;--awb-spacing-left-medium:2.304%;--awb-width-small:83.333333333333%;--awb-order-small:0;--awb-spacing-right-small:2.304%;--awb-spacing-left-small:2.304%;\"><div class=\"fusion-column-wrapper fusion-column-has-shadow fusion-flex-justify-content-flex-start fusion-content-layout-column\"><div class=\"fusion-text fusion-text-1 fusion-text-no-margin c-text\" style=\"--awb-font-size:18px;--awb-line-height:1.4;--awb-text-color:var(--awb-custom_color_4);--awb-margin-top:0px;--awb-margin-bottom:0px;--awb-text-font-family:&quot;Gilda Display&quot;;--awb-text-font-style:normal;--awb-text-font-weight:400;\"><p>Str. Unirii 155A,<br \/>\n\u0218uncuiu\u0219,<br \/>\njud. Bihor, Rom\u00e2nia<\/p>\n<\/div><\/div><\/div><\/div><div class=\"fusion-builder-row fusion-builder-row-inner fusion-row fusion-flex-align-items-flex-start fusion-flex-content-wrap\" style=\"width:104% !important;max-width:104% !important;margin-left: calc(-4% \/ 2 );margin-right: calc(-4% \/ 2 );\"><div class=\"fusion-layout-column fusion_builder_column_inner fusion-builder-nested-column-2 fusion-flex-column\" style=\"--awb-bg-size:cover;--awb-width-large:10%;--awb-margin-top-large:0px;--awb-spacing-right-large:19.2%;--awb-margin-bottom-large:0px;--awb-spacing-left-large:19.2%;--awb-width-medium:10%;--awb-order-medium:0;--awb-spacing-right-medium:19.2%;--awb-spacing-left-medium:19.2%;--awb-width-small:16.666666666667%;--awb-order-small:0;--awb-spacing-right-small:11.52%;--awb-spacing-left-small:11.52%;\"><div class=\"fusion-column-wrapper fusion-column-has-shadow fusion-flex-justify-content-flex-start fusion-content-layout-row\"><div class=\"fusion-image-element \" style=\"--awb-margin-bottom:0px;--awb-max-width:40px;--awb-caption-title-font-family:var(--h2_typography-font-family);--awb-caption-title-font-weight:var(--h2_typography-font-weight);--awb-caption-title-font-style:var(--h2_typography-font-style);--awb-caption-title-size:var(--h2_typography-font-size);--awb-caption-title-transform:var(--h2_typography-text-transform);--awb-caption-title-line-height:var(--h2_typography-line-height);--awb-caption-title-letter-spacing:var(--h2_typography-letter-spacing);\"><span class=\" fusion-imageframe imageframe-none imageframe-2 hover-type-none c-icon\"><img decoding=\"async\" width=\"37\" height=\"38\" title=\"phone-call\" src=\"data:image\/svg+xml,%3Csvg%20xmlns%3D%27http%3A%2F%2Fwww.w3.org%2F2000%2Fsvg%27%20width%3D%2737%27%20height%3D%2738%27%20viewBox%3D%270%200%2037%2038%27%3E%3Crect%20width%3D%2737%27%20height%3D%2738%27%20fill-opacity%3D%220%22%2F%3E%3C%2Fsvg%3E\" data-orig-src=\"https:\/\/varadeohillresort.ro\/wp-content\/uploads\/2025\/09\/phone-call.png\" alt class=\"lazyload img-responsive wp-image-226\"\/><\/span><\/div><\/div><\/div><div class=\"fusion-layout-column fusion_builder_column_inner fusion-builder-nested-column-3 fusion_builder_column_inner_5_6 5_6 fusion-flex-column fusion-flex-align-self-center\" style=\"--awb-bg-size:cover;--awb-width-large:83.333333333333%;--awb-margin-top-large:0px;--awb-spacing-right-large:2.304%;--awb-margin-bottom-large:30px;--awb-spacing-left-large:2.304%;--awb-width-medium:83.333333333333%;--awb-order-medium:0;--awb-spacing-right-medium:2.304%;--awb-spacing-left-medium:2.304%;--awb-width-small:83.333333333333%;--awb-order-small:0;--awb-spacing-right-small:2.304%;--awb-margin-bottom-small:0px;--awb-spacing-left-small:2.304%;\"><div class=\"fusion-column-wrapper fusion-column-has-shadow fusion-flex-justify-content-flex-start fusion-content-layout-row\"><div class=\"fusion-text fusion-text-2 fusion-text-no-margin c-text\" style=\"--awb-font-size:18px;--awb-line-height:1.4;--awb-text-color:var(--awb-custom_color_4);--awb-margin-top:0px;--awb-margin-bottom:0px;--awb-text-font-family:&quot;Gilda Display&quot;;--awb-text-font-style:normal;--awb-text-font-weight:400;\"><p><a href=\"tel:+40729657003\">+40 729657003<\/a><\/p>\n<\/div><\/div><\/div><\/div><div class=\"fusion-builder-row fusion-builder-row-inner fusion-row fusion-flex-align-items-flex-start fusion-flex-content-wrap\" style=\"width:104% !important;max-width:104% !important;margin-left: calc(-4% \/ 2 );margin-right: calc(-4% \/ 2 );\"><div class=\"fusion-layout-column fusion_builder_column_inner fusion-builder-nested-column-4 fusion_builder_column_inner_1_1 1_1 fusion-flex-column c-social\" style=\"--awb-bg-size:cover;--awb-width-large:100%;--awb-margin-top-large:0px;--awb-spacing-right-large:1.92%;--awb-margin-bottom-large:20px;--awb-spacing-left-large:1.92%;--awb-width-medium:100%;--awb-order-medium:0;--awb-spacing-right-medium:1.92%;--awb-spacing-left-medium:1.92%;--awb-width-small:100%;--awb-order-small:0;--awb-margin-top-small:30px;--awb-spacing-right-small:1.92%;--awb-margin-bottom-small:0px;--awb-spacing-left-small:1.92%;\"><div class=\"fusion-column-wrapper fusion-column-has-shadow fusion-flex-justify-content-flex-start fusion-content-layout-row\"><div class=\"fusion-image-element \" style=\"--awb-margin-right:26px;--awb-max-width:40px;--awb-caption-title-font-family:var(--h2_typography-font-family);--awb-caption-title-font-weight:var(--h2_typography-font-weight);--awb-caption-title-font-style:var(--h2_typography-font-style);--awb-caption-title-size:var(--h2_typography-font-size);--awb-caption-title-transform:var(--h2_typography-text-transform);--awb-caption-title-line-height:var(--h2_typography-line-height);--awb-caption-title-letter-spacing:var(--h2_typography-letter-spacing);\"><span class=\" fusion-imageframe imageframe-none imageframe-3 hover-type-none c-icon\"><a class=\"fusion-no-lightbox\" href=\"https:\/\/www.facebook.com\/people\/Varadeo-Hill-Resort\/61561261241890\/?name=xhp_nt_\" target=\"_blank\" aria-label=\"f_logo_RGB-White_1024\" rel=\"noopener noreferrer\"><img decoding=\"async\" width=\"34\" height=\"34\" src=\"data:image\/svg+xml,%3Csvg%20xmlns%3D%27http%3A%2F%2Fwww.w3.org%2F2000%2Fsvg%27%20width%3D%2734%27%20height%3D%2734%27%20viewBox%3D%270%200%2034%2034%27%3E%3Crect%20width%3D%2734%27%20height%3D%2734%27%20fill-opacity%3D%220%22%2F%3E%3C%2Fsvg%3E\" data-orig-src=\"https:\/\/varadeohillresort.ro\/wp-content\/uploads\/2025\/09\/f_logo_RGB-White_1024.png\" alt class=\"lazyload img-responsive wp-image-224\"\/><\/a><\/span><\/div><div class=\"fusion-image-element \" style=\"--awb-max-width:40px;--awb-caption-title-font-family:var(--h2_typography-font-family);--awb-caption-title-font-weight:var(--h2_typography-font-weight);--awb-caption-title-font-style:var(--h2_typography-font-style);--awb-caption-title-size:var(--h2_typography-font-size);--awb-caption-title-transform:var(--h2_typography-text-transform);--awb-caption-title-line-height:var(--h2_typography-line-height);--awb-caption-title-letter-spacing:var(--h2_typography-letter-spacing);\"><span class=\" fusion-imageframe imageframe-none imageframe-4 hover-type-none c-icon\"><a class=\"fusion-no-lightbox\" href=\"https:\/\/www.instagram.com\/varadeo_hill_resort\/#\" target=\"_blank\" aria-label=\"Instagram_Glyph_Black\" rel=\"noopener noreferrer\"><img decoding=\"async\" width=\"34\" height=\"34\" src=\"data:image\/svg+xml,%3Csvg%20xmlns%3D%27http%3A%2F%2Fwww.w3.org%2F2000%2Fsvg%27%20width%3D%2734%27%20height%3D%2734%27%20viewBox%3D%270%200%2034%2034%27%3E%3Crect%20width%3D%2734%27%20height%3D%2734%27%20fill-opacity%3D%220%22%2F%3E%3C%2Fsvg%3E\" data-orig-src=\"https:\/\/varadeohillresort.ro\/wp-content\/uploads\/2025\/09\/Instagram_Glyph_Black.png\" alt class=\"lazyload img-responsive wp-image-225\"\/><\/a><\/span><\/div><\/div><\/div><\/div><\/div><\/div><div class=\"fusion-layout-column fusion_builder_column fusion-builder-column-1 fusion_builder_column_1_2 1_2 fusion-flex-column c-contact-col\" style=\"--awb-padding-top:60px;--awb-padding-bottom:30px;--awb-bg-size:cover;--awb-width-large:50%;--awb-margin-top-large:0px;--awb-spacing-right-large:3.84%;--awb-margin-bottom-large:0px;--awb-spacing-left-large:3.84%;--awb-width-medium:50%;--awb-order-medium:0;--awb-spacing-right-medium:3.84%;--awb-spacing-left-medium:3.84%;--awb-width-small:100%;--awb-order-small:0;--awb-spacing-right-small:0px;--awb-spacing-left-small:0px;\"><div class=\"fusion-column-wrapper fusion-column-has-shadow fusion-flex-justify-content-flex-start fusion-content-layout-column\"><div class=\"fusion-title title fusion-title-2 fusion-sep-none fusion-title-center fusion-title-text fusion-title-size-two\" style=\"--awb-text-color:var(--awb-color1);--awb-margin-bottom:0px;--awb-font-size:42px;\"><h2 class=\"fusion-title-heading title-heading-center fusion-responsive-typography-calculated\" style=\"margin:0;font-size:1em;--fontSize:42;line-height:var(--awb-typography1-line-height);\">Skontaktuj si\u0119 z nami<\/h2><\/div><div class=\"fusion-form fusion-form-builder fusion-form-form-wrapper fusion-form-201 has-icon-alignment\" style=\"--awb-tooltip-text-color:#ffffff;--awb-tooltip-background-color:#333333;--awb-field-margin-top:10px;--awb-field-margin-bottom:10px;--awb-form-input-height:40px;--awb-form-bg-color:rgba(255,255,255,0);--awb-form-select-bg:var(--awb-color8);--awb-form-placeholder-color:var(--awb-color3);--awb-form-text-color:var(--awb-color1);--awb-form-label-color:var(--awb-color1);--awb-form-border-width-top:0px;--awb-form-border-width-bottom:1px;--awb-form-border-width-right:0px;--awb-form-border-width-left:0px;--awb-form-focus-border-color:var(--awb-color4);--awb-form-focus-border-hover-color:hsla(var(--awb-color4-h),var(--awb-color4-s),var(--awb-color4-l),calc(var(--awb-color4-a) - 50%));--awb-form-border-radius:0px;--awb-icon-alignment-top:0px;--awb-icon-alignment-bottom:1px;--awb-icon-alignment-font-size:1em;\" data-form-id=\"201\" data-config=\"{&quot;form_id&quot;:201,&quot;form_post_id&quot;:201,&quot;post_id&quot;:30,&quot;form_type&quot;:&quot;ajax&quot;,&quot;confirmation_type&quot;:&quot;message&quot;,&quot;redirect_url&quot;:&quot;&quot;,&quot;field_labels&quot;:{&quot;name&quot;:&quot;&quot;,&quot;phone&quot;:&quot;&quot;,&quot;mail&quot;:&quot;&quot;,&quot;wiadomosc&quot;:&quot;&quot;,&quot;zgoda&quot;:&quot;&quot;},&quot;field_logics&quot;:{&quot;name&quot;:&quot;&quot;,&quot;phone&quot;:&quot;&quot;,&quot;mail&quot;:&quot;&quot;,&quot;wiadomosc&quot;:&quot;&quot;,&quot;zgoda&quot;:&quot;&quot;,&quot;notice_1&quot;:&quot;&quot;,&quot;submit_1&quot;:&quot;&quot;},&quot;field_types&quot;:{&quot;name&quot;:&quot;text&quot;,&quot;phone&quot;:&quot;phone_number&quot;,&quot;mail&quot;:&quot;email&quot;,&quot;wiadomosc&quot;:&quot;textarea&quot;,&quot;zgoda&quot;:&quot;consent&quot;,&quot;notice_1&quot;:&quot;notice&quot;,&quot;recaptcha_1&quot;:&quot;recaptcha&quot;,&quot;submit_1&quot;:&quot;submit&quot;},&quot;nonce_method&quot;:&quot;ajax&quot;,&quot;form_views&quot;:&quot;&quot;,&quot;form_views_counting&quot;:&quot;&quot;}\"><form action=\"https:\/\/varadeohillresort.ro\/pl\/kontakt\/\" method=\"post\" class=\"fusion-form fusion-form-201\"><div class=\"fusion-fullwidth fullwidth-box fusion-builder-row-1-1 fusion-flex-container has-pattern-background has-mask-background r-contact-form nonhundred-percent-fullwidth non-hundred-percent-height-scrolling\" style=\"--awb-border-radius-top-left:0px;--awb-border-radius-top-right:0px;--awb-border-radius-bottom-right:0px;--awb-border-radius-bottom-left:0px;--awb-flex-wrap:wrap;\" ><div class=\"fusion-builder-row fusion-row fusion-flex-align-items-flex-start fusion-flex-content-wrap\" style=\"width:104% !important;max-width:104% !important;margin-left: calc(-4% \/ 2 );margin-right: calc(-4% \/ 2 );\"><div class=\"fusion-layout-column fusion_builder_column fusion-builder-column-2 fusion_builder_column_1_1 1_1 fusion-flex-column\" style=\"--awb-bg-size:cover;--awb-width-large:100%;--awb-flex-grow:0;--awb-flex-shrink:0;--awb-margin-top-large:0px;--awb-spacing-right-large:0px;--awb-margin-bottom-large:0px;--awb-spacing-left-large:0px;--awb-width-medium:100%;--awb-order-medium:0;--awb-flex-grow-medium:0;--awb-flex-shrink-medium:0;--awb-spacing-right-medium:0px;--awb-spacing-left-medium:0px;--awb-width-small:100%;--awb-order-small:0;--awb-flex-grow-small:0;--awb-flex-shrink-small:0;--awb-spacing-right-small:1.92%;--awb-spacing-left-small:1.92%;\"><div class=\"fusion-column-wrapper fusion-column-has-shadow fusion-flex-justify-content-flex-start fusion-content-layout-column\"><div class=\"fusion-form-field fusion-form-text-field fusion-form-label-above\" style=\"\" data-form-id=\"201\"><input type=\"text\" autocomplete=\"off\" name=\"name\" id=\"name\" value=\"\"  class=\"fusion-form-input\" required=\"true\" aria-required=\"true\" placeholder=\"Imi\u0119 i nazwisko *\" data-holds-private-data=\"false\" minlength=\"0\"\/><\/div><div class=\"fusion-form-field fusion-form-phone-number-field fusion-form-label-above\" style=\"\" data-form-id=\"201\"><input type=\"tel\" autocomplete=\"off\" name=\"phone\" id=\"phone\" value=\"\"  class=\"fusion-form-input\" placeholder=\"Nr telefonu \" data-holds-private-data=\"false\"\/><\/div><div class=\"fusion-form-field fusion-form-email-field fusion-form-label-above\" style=\"\" data-form-id=\"201\"><input type=\"email\" autocomplete=\"off\" name=\"mail\" id=\"mail\" value=\"\"  class=\"fusion-form-input\" required=\"true\" aria-required=\"true\" placeholder=\"E-mail *\" data-holds-private-data=\"false\"\/><\/div><div class=\"fusion-form-field fusion-form-textarea-field fusion-form-label-above\" style=\"\" data-form-id=\"201\"><textarea cols=\"40\" autocomplete=\"off\"  minlength=\"0\"  rows=\"2\" tabindex=\"\" id=\"wiadomosc\" name=\"wiadomosc\" class=\"fusion-form-input\" required=\"true\" aria-required=\"true\" placeholder=\"Wiadomo\u015b\u0107 *\" data-holds-private-data=\"false\"><\/textarea><\/div><div class=\"fusion-form-field fusion-form-consent-field fusion-form-label-above c-consent\" style=\"\" data-form-id=\"201\"><div class=\"fusion-form-checkbox option-inline\"><input tabindex=\"\" id=\"zgoda\" type=\"checkbox\" value=\"1\" name=\"zgoda\" class=\"fusion-form-input\" required=\"true\" aria-required=\"true\"\/><label for=\"zgoda\">Wyra\u017cam zgod\u0119 na przetwarzanie danych podanych w formularzu kontaktowym takich jak dane osobowe, a w szczeg\u00f3lno\u015bci adres poczty elektronicznej i numer telefonu w celu nawi\u0105zania lub ukszta\u0142towania stosunku prawnego w rozumieniu art. 18 ust 1 ustawy z dnia 18 lipca 2002 r. o \u015bwiadczeniu us\u0142ug drog\u0105 elektroniczn\u0105 (tekst jednolity Dz.U. z 2020 r. poz. 344). Przys\u0142uguje Pani\/Panu prawo dost\u0119pu do tre\u015bci danych oraz ich poprawiania. Zasady przetwarzania i klauzul\u0119 informacyjn\u0105 o Administratorze znajdziesz <a href=\"\/polityka-prywatnosci\/\" target=\"_blank\">tutaj.<\/a>. <\/label><\/div><\/div><div class=\"form-submission-notices data-notice_1\" id=\"fusion-notices-1\"><div class=\"fusion-alert alert success alert-success fusion-alert-center fusion-form-response fusion-form-response-success awb-alert-native-link-color alert-dismissable awb-alert-close-boxed\" role=\"alert\"><div class=\"fusion-alert-content-wrapper\"><span class=\"alert-icon\"><i class=\"awb-icon-check-circle\" aria-hidden=\"true\"><\/i><\/span><span class=\"fusion-alert-content\">Dzi\u0119kuje za wype\u0142nienie formularza. Wiadomo\u015b\u0107 zosta\u0142a wys\u0142ana<\/span><\/div><button type=\"button\" class=\"close toggle-alert\" data-dismiss=\"alert\" aria-label=\"Close\">&times;<\/button><\/div><div class=\"fusion-alert alert error alert-danger fusion-alert-center fusion-form-response fusion-form-response-error awb-alert-native-link-color alert-dismissable awb-alert-close-boxed\" role=\"alert\"><div class=\"fusion-alert-content-wrapper\"><span class=\"alert-icon\"><i class=\"awb-icon-exclamation-triangle\" aria-hidden=\"true\"><\/i><\/span><span class=\"fusion-alert-content\">Podczas wysy\u0142ania wyst\u0105pi\u0142 b\u0142\u0105d. Prosz\u0119 spr\u00f3buj ponownie p\u00f3\u017aniej<\/span><\/div><button type=\"button\" class=\"close toggle-alert\" data-dismiss=\"alert\" aria-label=\"Close\">&times;<\/button><\/div><\/div><div class=\"fusion-form-field fusion-form-recaptcha-field fusion-form-label-above\" style=\"\" data-form-id=\"201\">\t\t\t\t<div class=\"form-creator-recaptcha\" >\n\t\t\t\t\t\t\t\t\t\t\t\t\t\t\t\t\t\t\t\t\t\t\t\t<div\n\t\t\t\t\t\t\tid=\"g-recaptcha-id-form-201\"\n\t\t\t\t\t\t\tclass=\"fusion-form-recaptcha-v3 recaptcha-container  fusion-form-hide-recaptcha-badge\"\n\t\t\t\t\t\t\tdata-sitekey=\"6LcbREUsAAAAAPqbUW6n0hD3sT5Pya7RLFtLmoze\"\n\t\t\t\t\t\t\tdata-badge=\"hide\">\n\t\t\t\t\t\t<\/div>\n\t\t\t\t\t\t<input\n\t\t\t\t\t\t\ttype=\"hidden\"\n\t\t\t\t\t\t\tname=\"fusion-form-recaptcha-response\"\n\t\t\t\t\t\t\tclass=\"g-recaptcha-response\"\n\t\t\t\t\t\t\tid=\"fusion-form-recaptcha-response-201\"\n\t\t\t\t\t\t\tvalue=\"\">\n\t\t\t\t\t\t\t\t\t\t\t\t\t\t\t<\/div>\n\t\t\t\t<\/div><div class=\"fusion-form-field fusion-form-submit-field fusion-form-label-above form-button-left-arrow\" style=\"\" data-form-id=\"201\"><div style=\"text-align:center;\"><button type=\"submit\" class=\"fusion-button button-flat fusion-button-default-size button-default fusion-button-default button-1 fusion-button-default-span form-button-left-arrow button-default form-form-submit\" data-form-number=\"201\" tabindex=\"\"><span class=\"fusion-button-text awb-button__text awb-button__text--default\">Wy\u015blij<\/span><\/button><\/div><\/div><\/div><\/div><\/div><\/div><input type=\"hidden\" name=\"fusion_privacy_store_ip_ua\" value=\"false\"><input type=\"hidden\" name=\"fusion_privacy_expiration_interval\" value=\"48\"><input type=\"hidden\" name=\"privacy_expiration_action\" value=\"anonymize\"><\/form><\/div><div class=\"fusion-image-element \" style=\"--awb-caption-title-font-family:var(--h2_typography-font-family);--awb-caption-title-font-weight:var(--h2_typography-font-weight);--awb-caption-title-font-style:var(--h2_typography-font-style);--awb-caption-title-size:var(--h2_typography-font-size);--awb-caption-title-transform:var(--h2_typography-text-transform);--awb-caption-title-line-height:var(--h2_typography-line-height);--awb-caption-title-letter-spacing:var(--h2_typography-letter-spacing);\"><span class=\" fusion-imageframe imageframe-none imageframe-5 hover-type-none c-contact-image\"><img decoding=\"async\" width=\"960\" height=\"472\" title=\"footer-image\" src=\"https:\/\/varadeohillresort.ro\/wp-content\/uploads\/2025\/08\/footer-image.jpg\" data-orig-src=\"https:\/\/varadeohillresort.ro\/wp-content\/uploads\/2025\/08\/footer-image.jpg\" alt class=\"lazyload img-responsive wp-image-195\" srcset=\"data:image\/svg+xml,%3Csvg%20xmlns%3D%27http%3A%2F%2Fwww.w3.org%2F2000%2Fsvg%27%20width%3D%27960%27%20height%3D%27472%27%20viewBox%3D%270%200%20960%20472%27%3E%3Crect%20width%3D%27960%27%20height%3D%27472%27%20fill-opacity%3D%220%22%2F%3E%3C%2Fsvg%3E\" data-srcset=\"https:\/\/varadeohillresort.ro\/wp-content\/uploads\/2025\/08\/footer-image-200x98.jpg 200w, https:\/\/varadeohillresort.ro\/wp-content\/uploads\/2025\/08\/footer-image-400x197.jpg 400w, https:\/\/varadeohillresort.ro\/wp-content\/uploads\/2025\/08\/footer-image-600x295.jpg 600w, https:\/\/varadeohillresort.ro\/wp-content\/uploads\/2025\/08\/footer-image-800x393.jpg 800w, https:\/\/varadeohillresort.ro\/wp-content\/uploads\/2025\/08\/footer-image.jpg 960w\" data-sizes=\"auto\" data-orig-sizes=\"(max-width: 760px) 100vw, 960px\" \/><\/span><\/div><\/div><\/div><\/div><\/div>\n","protected":false},"excerpt":{"rendered":"","protected":false},"author":1,"featured_media":0,"parent":0,"menu_order":0,"comment_status":"closed","ping_status":"closed","template":"100-width.php","meta":{"_acf_changed":false,"footnotes":""},"class_list":["post-30","page","type-page","status-publish","hentry"],"acf":[],"_links":{"self":[{"href":"https:\/\/varadeohillresort.ro\/pl\/wp-json\/wp\/v2\/pages\/30","targetHints":{"allow":["GET"]}}],"collection":[{"href":"https:\/\/varadeohillresort.ro\/pl\/wp-json\/wp\/v2\/pages"}],"about":[{"href":"https:\/\/varadeohillresort.ro\/pl\/wp-json\/wp\/v2\/types\/page"}],"author":[{"embeddable":true,"href":"https:\/\/varadeohillresort.ro\/pl\/wp-json\/wp\/v2\/users\/1"}],"replies":[{"embeddable":true,"href":"https:\/\/varadeohillresort.ro\/pl\/wp-json\/wp\/v2\/comments?post=30"}],"version-history":[{"count":17,"href":"https:\/\/varadeohillresort.ro\/pl\/wp-json\/wp\/v2\/pages\/30\/revisions"}],"predecessor-version":[{"id":403,"href":"https:\/\/varadeohillresort.ro\/pl\/wp-json\/wp\/v2\/pages\/30\/revisions\/403"}],"wp:attachment":[{"href":"https:\/\/varadeohillresort.ro\/pl\/wp-json\/wp\/v2\/media?parent=30"}],"curies":[{"name":"wp","href":"https:\/\/api.w.org\/{rel}","templated":true}]}}